{"id":19,"date":"2020-09-29T14:01:15","date_gmt":"2020-09-29T14:01:15","guid":{"rendered":"http:\/\/orcedsprl.com\/?page_id=19"},"modified":"2025-05-17T13:34:35","modified_gmt":"2025-05-17T13:34:35","slug":"accueil","status":"publish","type":"page","link":"http:\/\/orcedsprl.com\/","title":{"rendered":"Accueil"},"content":{"rendered":"\n<p>ORSYS-Electronics est membre de la sprl ORCED<\/p>\n\n\n\n<p>ORSYS-Electronics vous propose les services :<\/p>\n\n\n\n<p>Hardware :<\/p>\n\n\n\n<p>\u2022 Etude, conception, r\u00e9alisation et production de prototypes et de petites s\u00e9ries de syst\u00e8mes \u00e9lectroniques sur mesure (mesure, contr\u00f4le, communication, surveillance, cha\u00eene de mesure, mesures diverses de la radioactivit\u00e9 \u2026 ce que peut g\u00e9n\u00e9rer votre imagination)<\/p>\n\n\n\n<p>\u2022 l&rsquo;\u00e9tude et le d\u00e9veloppement de pi\u00e8ces uniques industrielles<\/p>\n\n\n\n<p>\u2022 la modernisation d&rsquo;installations existantes<\/p>\n\n\n\n<p>Exp\u00e9rience Hardware<\/p>\n\n\n\n<p>Software :<\/p>\n\n\n\n<p>l&rsquo;assistance, la maintenance et la mise en r\u00e9seau de vos syst\u00e8mes<br>la cr\u00e9ation de logiciels d\u00e9finis suivant vos sp\u00e9cifications<br>la r\u00e9alisation de programmes d&rsquo;automatismes<br>cr\u00e9ation de site internet<br>Exp\u00e9rience Software<\/p>\n\n\n\n<p>Qui<\/p>\n\n\n\n<p>Radermecker Olivier<br>Expert en \u00e9lectronique<br>Sp\u00e9cialiste du d\u00e9veloppement sur mesure<br>Expert en Hardware et software<br>Solutions compl\u00e8tes<br>25 ans d&rsquo;exp\u00e9rience, de curiosit\u00e9s, d&rsquo;id\u00e9es, de solutions, ma\u00eetrise du milieu industriel<\/p>\n\n\n\n<p>Un vrai passionn\u00e9 \u2026 osez \u2026<\/p>\n\n\n\n<p>Contactez le<\/p>\n","protected":false},"excerpt":{"rendered":"<p>ORSYS-Electronics est membre de la sprl ORCED ORSYS-Electronics vous propose les services : Hardware : \u2022 Etude, conception, r\u00e9alisation et production de prototypes et de petites s\u00e9ries de syst\u00e8mes \u00e9lectroniques sur mesure (mesure, contr\u00f4le, communication, surveillance, cha\u00eene de mesure, mesures diverses de [&hellip;]<\/p>\n","protected":false},"author":1,"featured_media":12,"parent":0,"menu_order":0,"comment_status":"closed","ping_status":"closed","template":"","meta":{"footnotes":""},"class_list":["post-19","page","type-page","status-publish","has-post-thumbnail","hentry"],"aioseo_notices":[],"yoast_head":"<!-- This site is optimized with the Yoast SEO plugin v27.5 - https:\/\/yoast.com\/product\/yoast-seo-wordpress\/ -->\n<title>Accueil - ORCED<\/title>\n<meta name=\"robots\" content=\"index, follow, max-snippet:-1, max-image-preview:large, max-video-preview:-1\" \/>\n<link rel=\"canonical\" href=\"http:\/\/orcedsprl.com\/\" \/>\n<meta property=\"og:locale\" content=\"fr_FR\" \/>\n<meta property=\"og:type\" content=\"article\" \/>\n<meta property=\"og:title\" content=\"Accueil - ORCED\" \/>\n<meta property=\"og:description\" content=\"ORSYS-Electronics est membre de la sprl ORCED ORSYS-Electronics vous propose les services : Hardware : \u2022 Etude, conception, r\u00e9alisation et production de prototypes et de petites s\u00e9ries de syst\u00e8mes \u00e9lectroniques sur mesure (mesure, contr\u00f4le, communication, surveillance, cha\u00eene de mesure, mesures diverses de [&hellip;]\" \/>\n<meta property=\"og:url\" content=\"http:\/\/orcedsprl.com\/\" \/>\n<meta property=\"og:site_name\" content=\"ORCED\" \/>\n<meta property=\"article:modified_time\" content=\"2025-05-17T13:34:35+00:00\" \/>\n<meta property=\"og:image\" content=\"http:\/\/orcedsprl.com\/wp-content\/uploads\/2020\/09\/Entete_ORCED_09.png\" \/>\n\t<meta property=\"og:image:width\" content=\"2125\" \/>\n\t<meta property=\"og:image:height\" content=\"264\" \/>\n\t<meta property=\"og:image:type\" content=\"image\/png\" \/>\n<meta name=\"twitter:card\" content=\"summary_large_image\" \/>\n<meta name=\"twitter:label1\" content=\"Dur\u00e9e de lecture est.\" \/>\n\t<meta name=\"twitter:data1\" content=\"1 minute\" \/>\n<script type=\"application\/ld+json\" class=\"yoast-schema-graph\">{\"@context\":\"https:\\\/\\\/schema.org\",\"@graph\":[{\"@type\":\"WebPage\",\"@id\":\"http:\\\/\\\/orcedsprl.com\\\/\",\"url\":\"http:\\\/\\\/orcedsprl.com\\\/\",\"name\":\"Accueil - ORCED\",\"isPartOf\":{\"@id\":\"http:\\\/\\\/orcedsprl.com\\\/#website\"},\"primaryImageOfPage\":{\"@id\":\"http:\\\/\\\/orcedsprl.com\\\/#primaryimage\"},\"image\":{\"@id\":\"http:\\\/\\\/orcedsprl.com\\\/#primaryimage\"},\"thumbnailUrl\":\"http:\\\/\\\/orcedsprl.com\\\/wp-content\\\/uploads\\\/2020\\\/09\\\/Entete_ORCED_09.png\",\"datePublished\":\"2020-09-29T14:01:15+00:00\",\"dateModified\":\"2025-05-17T13:34:35+00:00\",\"breadcrumb\":{\"@id\":\"http:\\\/\\\/orcedsprl.com\\\/#breadcrumb\"},\"inLanguage\":\"fr-BE\",\"potentialAction\":[{\"@type\":\"ReadAction\",\"target\":[\"http:\\\/\\\/orcedsprl.com\\\/\"]}]},{\"@type\":\"ImageObject\",\"inLanguage\":\"fr-BE\",\"@id\":\"http:\\\/\\\/orcedsprl.com\\\/#primaryimage\",\"url\":\"http:\\\/\\\/orcedsprl.com\\\/wp-content\\\/uploads\\\/2020\\\/09\\\/Entete_ORCED_09.png\",\"contentUrl\":\"http:\\\/\\\/orcedsprl.com\\\/wp-content\\\/uploads\\\/2020\\\/09\\\/Entete_ORCED_09.png\",\"width\":2125,\"height\":264},{\"@type\":\"BreadcrumbList\",\"@id\":\"http:\\\/\\\/orcedsprl.com\\\/#breadcrumb\",\"itemListElement\":[{\"@type\":\"ListItem\",\"position\":1,\"name\":\"Home\",\"item\":\"http:\\\/\\\/orcedsprl.com\\\/\"},{\"@type\":\"ListItem\",\"position\":2,\"name\":\"Accueil\"}]},{\"@type\":\"WebSite\",\"@id\":\"http:\\\/\\\/orcedsprl.com\\\/#website\",\"url\":\"http:\\\/\\\/orcedsprl.com\\\/\",\"name\":\"ORCED\",\"description\":\"Conception \u00e9lectronique\",\"potentialAction\":[{\"@type\":\"SearchAction\",\"target\":{\"@type\":\"EntryPoint\",\"urlTemplate\":\"http:\\\/\\\/orcedsprl.com\\\/?s={search_term_string}\"},\"query-input\":{\"@type\":\"PropertyValueSpecification\",\"valueRequired\":true,\"valueName\":\"search_term_string\"}}],\"inLanguage\":\"fr-BE\"}]}<\/script>\n<!-- \/ Yoast SEO plugin. -->","yoast_head_json":{"title":"Accueil - ORCED","robots":{"index":"index","follow":"follow","max-snippet":"max-snippet:-1","max-image-preview":"max-image-preview:large","max-video-preview":"max-video-preview:-1"},"canonical":"http:\/\/orcedsprl.com\/","og_locale":"fr_FR","og_type":"article","og_title":"Accueil - ORCED","og_description":"ORSYS-Electronics est membre de la sprl ORCED ORSYS-Electronics vous propose les services : Hardware : \u2022 Etude, conception, r\u00e9alisation et production de prototypes et de petites s\u00e9ries de syst\u00e8mes \u00e9lectroniques sur mesure (mesure, contr\u00f4le, communication, surveillance, cha\u00eene de mesure, mesures diverses de [&hellip;]","og_url":"http:\/\/orcedsprl.com\/","og_site_name":"ORCED","article_modified_time":"2025-05-17T13:34:35+00:00","og_image":[{"width":2125,"height":264,"url":"http:\/\/orcedsprl.com\/wp-content\/uploads\/2020\/09\/Entete_ORCED_09.png","type":"image\/png"}],"twitter_card":"summary_large_image","twitter_misc":{"Dur\u00e9e de lecture est.":"1 minute"},"schema":{"@context":"https:\/\/schema.org","@graph":[{"@type":"WebPage","@id":"http:\/\/orcedsprl.com\/","url":"http:\/\/orcedsprl.com\/","name":"Accueil - ORCED","isPartOf":{"@id":"http:\/\/orcedsprl.com\/#website"},"primaryImageOfPage":{"@id":"http:\/\/orcedsprl.com\/#primaryimage"},"image":{"@id":"http:\/\/orcedsprl.com\/#primaryimage"},"thumbnailUrl":"http:\/\/orcedsprl.com\/wp-content\/uploads\/2020\/09\/Entete_ORCED_09.png","datePublished":"2020-09-29T14:01:15+00:00","dateModified":"2025-05-17T13:34:35+00:00","breadcrumb":{"@id":"http:\/\/orcedsprl.com\/#breadcrumb"},"inLanguage":"fr-BE","potentialAction":[{"@type":"ReadAction","target":["http:\/\/orcedsprl.com\/"]}]},{"@type":"ImageObject","inLanguage":"fr-BE","@id":"http:\/\/orcedsprl.com\/#primaryimage","url":"http:\/\/orcedsprl.com\/wp-content\/uploads\/2020\/09\/Entete_ORCED_09.png","contentUrl":"http:\/\/orcedsprl.com\/wp-content\/uploads\/2020\/09\/Entete_ORCED_09.png","width":2125,"height":264},{"@type":"BreadcrumbList","@id":"http:\/\/orcedsprl.com\/#breadcrumb","itemListElement":[{"@type":"ListItem","position":1,"name":"Home","item":"http:\/\/orcedsprl.com\/"},{"@type":"ListItem","position":2,"name":"Accueil"}]},{"@type":"WebSite","@id":"http:\/\/orcedsprl.com\/#website","url":"http:\/\/orcedsprl.com\/","name":"ORCED","description":"Conception \u00e9lectronique","potentialAction":[{"@type":"SearchAction","target":{"@type":"EntryPoint","urlTemplate":"http:\/\/orcedsprl.com\/?s={search_term_string}"},"query-input":{"@type":"PropertyValueSpecification","valueRequired":true,"valueName":"search_term_string"}}],"inLanguage":"fr-BE"}]}},"_links":{"self":[{"href":"http:\/\/orcedsprl.com\/index.php?rest_route=\/wp\/v2\/pages\/19","targetHints":{"allow":["GET"]}}],"collection":[{"href":"http:\/\/orcedsprl.com\/index.php?rest_route=\/wp\/v2\/pages"}],"about":[{"href":"http:\/\/orcedsprl.com\/index.php?rest_route=\/wp\/v2\/types\/page"}],"author":[{"embeddable":true,"href":"http:\/\/orcedsprl.com\/index.php?rest_route=\/wp\/v2\/users\/1"}],"replies":[{"embeddable":true,"href":"http:\/\/orcedsprl.com\/index.php?rest_route=%2Fwp%2Fv2%2Fcomments&post=19"}],"version-history":[{"count":1,"href":"http:\/\/orcedsprl.com\/index.php?rest_route=\/wp\/v2\/pages\/19\/revisions"}],"predecessor-version":[{"id":20,"href":"http:\/\/orcedsprl.com\/index.php?rest_route=\/wp\/v2\/pages\/19\/revisions\/20"}],"wp:featuredmedia":[{"embeddable":true,"href":"http:\/\/orcedsprl.com\/index.php?rest_route=\/wp\/v2\/media\/12"}],"wp:attachment":[{"href":"http:\/\/orcedsprl.com\/index.php?rest_route=%2Fwp%2Fv2%2Fmedia&parent=19"}],"curies":[{"name":"wp","href":"https:\/\/api.w.org\/{rel}","templated":true}]}}